{"id":1880,"date":"2019-08-22T12:51:33","date_gmt":"2019-08-22T10:51:33","guid":{"rendered":"https:\/\/www.leardinigroup.com\/catering\/"},"modified":"2020-11-09T11:42:50","modified_gmt":"2020-11-09T10:42:50","slug":"catering","status":"publish","type":"page","link":"https:\/\/www.leardinigroup.com\/en\/catering\/","title":{"rendered":"Corporate Events"},"content":{"rendered":"<h2><strong>La bellezza \u00e8 fatta di profumi, sapori, colori e ricordi, ma soprattutto di idee.\u00a0<\/strong><\/h2>\n<p>Mangiamo con gli occhi ancor prima che con la bocca e ogni proposta deve diventare un capolavoro nella nostra mente prima di trasformarsi in nuovo piatto.<\/p>\n<p>La Locanda I Girasoli, oasi incantata tra ulivi e girasoli, \u00e8 il luogo dove prendono vita le creazioni dello chef e del suo prezioso staff che con cura maniacale e la passione del lavoro \u201c fatto con le mani\u201d, inventano ogni giorno gli abbinamenti pi\u00f9 insoliti e gli impiattamenti di maggior effetto.<\/p>\n<h2><strong>Dalla Locanda I Girasoli, tutto il bello e il buono che possiate immaginare, ovunque.<\/strong><\/h2>\n<p>Il nostro <strong>quartier generale<\/strong> \u00e8 un <strong>antico casale<\/strong> padronale di fine 800, sapientemente ristrutturato per mantenerne intatta la struttura originale. E qua <strong>in mezzo al verde<\/strong> pi\u00f9 avvolgente che si impara la stagionalit\u00e0 delle verdure, si approfondisce la <strong>cultura del cibo<\/strong> e si sviluppa <strong>un\u2019instancabile ricerca<\/strong>. Perch\u00e9 \u00e8 solo studiando ogni giorno il legame tra i sapori che si arriva a creare qualcosa di veramente magico e voi potrete essere i primi a testarlo, come nostri ospiti privilegiati.<\/p>\n<p>Sono quindi le <strong>stagioni, i numeri e i vostri desideri<\/strong> a definire il <strong>concept di ogni progetto.<\/strong> Che siano<strong> piccoli eventi privati o grandi convention<\/strong>, ogni volta sviluppiamo il format pi\u00f9 soddisfacente con un occhio sempre<strong>\u00a0<\/strong>rivolto al territorio e alla qualit\u00e0 dei prodotti.<\/p>\n<h2>I Girasoli Catering \u00e8 al vostro servizio per:<\/h2>\n<ul>\n<li>convention<\/li>\n<li>anniversari aziendali<\/li>\n<li>eventi fieristici<\/li>\n<li>family day in azienda<\/li>\n<li>inaugurazioni<\/li>\n<li>lancio di nuovi prodotti<\/li>\n<li>road show<\/li>\n<li>eventi sportivi<\/li>\n<\/ul>\n<p>&nbsp;<\/p>\n<p><strong>Dove?<\/strong> Ovunque vogliate.<\/p>\n<p>Il vantaggio di tanti anni di esperienza sta anche nel <strong>conoscere le dinamiche operative<\/strong> legate alle varie fasi del progetto, gli spazi d\u2019intervento, il pubblico specifico a cui ci rivolger\u00e0 e le aspettative da non disattendere.<\/p>\n<ul>\n<li>palazzi dei congressi<\/li>\n<li>parchi a tema<\/li>\n<li>fiere<\/li>\n<li>sedi aziendali<\/li>\n<li>dimore storiche<\/li>\n<li>autodromi<\/li>\n<li>discoteche<\/li>\n<\/ul>\n<p><strong>Leardini Group sa che <\/strong><strong>essere creativi<\/strong>\u00a0significa avere idee diverse, immaginarsi qualcosa che non abbia confini e sia capace di suscitare sempre un genuino\u00a0<strong>stupore<\/strong>. Per questo <strong>progetta eventi <\/strong>insoliti di cui studia minuziosamente tutti i dettagli <strong>dal men\u00f9, agli allestimenti, all\u2019intrattenimento<\/strong>.<\/p>\n<p>Qualche esempio?<\/p>\n<ul>\n<li>Party in spiaggia<\/li>\n<li>Pic-nic al chiar di luna<\/li>\n<li>Fun night in discoteca<\/li>\n<li>Serate Felliniane<\/li>\n<li>Eventi a tema con dress code<\/li>\n<\/ul>\n<h2><strong>Perch\u00e9 proprio I Girasoli Catering<\/strong><\/h2>\n<ul>\n<li>numerose e differenti <strong>location di propriet\u00e0<\/strong> per l\u2019ottimizzazione del budget<\/li>\n<li>una <strong>storia di ospitalit\u00e0<\/strong> che \u00e8 nel nostra DNA da oltre 50 anni e ci ha insegnato come prenderci veramente cura del cliente<\/li>\n<li>un ufficio eventi dedicato, a tua disposizione per la progettazione dell\u2019evento dal brief iniziale alla sua conclusione capace di offrirti il <strong>ventaglio pi\u00f9 esaustivo di tutte le opportunit\u00e0 del territorio<\/strong><\/li>\n<li>il <strong>marchio di una famiglia<\/strong> solida che continua ad investire in ricerca, innovazione e cura del dettaglio.<\/li>\n<\/ul>\n<p>In tanti ti hanno gi\u00e0 fatto queste premesse? Pu\u00f2 darsi ed \u00e8 per questo che non ci aspettiamo di \u00a0essere scelti sulla fiducia.<\/p>\n<p>Noi <strong>ti accogliamo a casa nostra<\/strong>, la <strong>Locanda I Girasoli<\/strong>, per farti conoscere il nostro laboratorio, vedere in che modo lavoriamo e per <strong>provare in prima persona<\/strong> i piatti che escono dalla nostra cucina.<\/p>\n<p>Intendiamo darti tutte le certezze di cui hai bisogno prima che tu possa affidarti a noi come partner del tuo evento, certi che la <strong>differenza tra il raccontare e l\u2019essere sia proprio questa<\/strong>.<\/p>\n<p>&nbsp;<\/p>\n<p><a href=\"https:\/\/www.leardinigroup.com\/richiesta-preventivo\/\"><strong><span style=\"font-size: 14pt; color: #38c4ab;\">Vuoi organizzare un evento ?<\/span><\/strong><\/a><\/p>\n","protected":false},"excerpt":{"rendered":"<p>La bellezza \u00e8 fatta di profumi, sapori, colori e ricordi, ma soprattutto di idee.\u00a0 Mangiamo con gli occhi ancor prima che con la bocca e ogni proposta deve diventare un capolavoro nella nostra mente prima di trasformarsi in nuovo piatto. La Locanda I Girasoli, oasi incantata tra ulivi e girasoli, \u00e8 il luogo dove prendono vita le creazioni dello chef e del suo prezioso staff che con cura maniacale e &#8230;<\/p>\n","protected":false},"author":1,"featured_media":0,"parent":0,"menu_order":0,"comment_status":"closed","ping_status":"closed","template":"template\/template.meeting.php","meta":{"_acf_changed":false},"categories":[38],"class_list":["post-1880","page","type-page","status-publish","hentry","category-meeting-en"],"acf":[],"_links":{"self":[{"href":"https:\/\/www.leardinigroup.com\/en\/wp-json\/wp\/v2\/pages\/1880","targetHints":{"allow":["GET"]}}],"collection":[{"href":"https:\/\/www.leardinigroup.com\/en\/wp-json\/wp\/v2\/pages"}],"about":[{"href":"https:\/\/www.leardinigroup.com\/en\/wp-json\/wp\/v2\/types\/page"}],"author":[{"embeddable":true,"href":"https:\/\/www.leardinigroup.com\/en\/wp-json\/wp\/v2\/users\/1"}],"replies":[{"embeddable":true,"href":"https:\/\/www.leardinigroup.com\/en\/wp-json\/wp\/v2\/comments?post=1880"}],"version-history":[{"count":0,"href":"https:\/\/www.leardinigroup.com\/en\/wp-json\/wp\/v2\/pages\/1880\/revisions"}],"wp:attachment":[{"href":"https:\/\/www.leardinigroup.com\/en\/wp-json\/wp\/v2\/media?parent=1880"}],"wp:term":[{"taxonomy":"category","embeddable":true,"href":"https:\/\/www.leardinigroup.com\/en\/wp-json\/wp\/v2\/categories?post=1880"}],"curies":[{"name":"wp","href":"https:\/\/api.w.org\/{rel}","templated":true}]}}